{"id":39,"date":"2021-05-24T00:09:12","date_gmt":"2021-05-23T22:09:12","guid":{"rendered":"http:\/\/tcsantes.fr\/wp\/?page_id=39"},"modified":"2025-06-08T22:44:59","modified_gmt":"2025-06-08T20:44:59","slug":"tarifs","status":"publish","type":"page","link":"https:\/\/tcsantes.fr\/wp\/tarifs\/","title":{"rendered":"Tarifs"},"content":{"rendered":"\n<p class=\"has-medium-font-size\">Pour la saison 2025-2026, les tarifs sont les suivants :<\/p>\n\n\n\n<ul class=\"wp-block-list has-medium-font-size\">\n<li>Enfants (&lt;18 ans) :\n\n\n<ul class=\"wp-block-list\">\n<li>Inscription + 1H cours \/ semaine : 240\u20ac<\/li>\n\n\n\n<li>Inscription + 2H cours \/ semaine : 330\u20ac<\/li>\n\n\n\n<li>Inscription seule : 80\u20ac<\/li>\n<\/ul>\n<\/li>\n\n\n\n<li>Adultes :<ul><li>Inscription + cours ou entra\u00eenements \u00e9quipes : 290\u20ac<\/li><\/ul>\n<ul class=\"wp-block-list\">\n<li>Inscription + cours ou entra\u00eenements \u00e9quipes +35 ans : 320\u20ac<\/li>\n\n\n\n<li>Inscription seule : 160\u20ac<\/li>\n<\/ul>\n<\/li>\n\n\n\n<li>Badge (permet l&rsquo;acc\u00e8s aux courts int\u00e9rieurs et ext\u00e9rieurs) : caution de 15\u20ac<\/li>\n<\/ul>\n\n\n\n<p class=\"has-medium-font-size\">Ceci comprend :<\/p>\n\n\n\n<ul class=\"wp-block-list has-medium-font-size\">\n<li>la licence FFT<\/li>\n\n\n\n<li>la r\u00e9servation des courts par internet.<\/li>\n\n\n\n<li>la participation aux diff\u00e9rentes animations du club<\/li>\n<\/ul>\n\n\n\n<p class=\"has-medium-font-size\">Les inscriptions se feront au club-house :<\/p>\n\n\n\n<ul class=\"wp-block-list has-medium-font-size\">\n<li>mercredi 2 juillet 2025 de 14h \u00e0 17h<\/li>\n\n\n\n<li>samedi 5 juillet 2025 de 9h \u00e0 12h<\/li>\n\n\n\n<li>mercredi 3 septembre 2025 de 14h \u00e0 17h<\/li>\n\n\n\n<li>samedi 6 septembre 2025 de 9h \u00e0 12h<\/li>\n<\/ul>\n\n\n\n<p class=\"has-medium-font-size\">Le paiement peut se faire en 1, 2 ou 3 ch\u00e8ques ou par virement bancaire.<\/p>\n\n\n\n<p class=\"has-medium-font-size\">T\u00e9l\u00e9chargement du <a href=\"https:\/\/tcsantes.fr\/wp\/wp-content\/uploads\/Bulletin_inscription_2025-2026.pdf\" data-type=\"attachment\" data-id=\"1143\" target=\"_blank\" rel=\"noreferrer noopener\">formulaire d&rsquo;inscription<\/a>.<\/p>\n\n\n\n<p class=\"has-medium-font-size\">Il n&rsquo;y a plus de n\u00e9cessit\u00e9 de fournir un certificat m\u00e9dical pour les majeurs.<\/p>\n\n\n\n<p class=\"has-medium-font-size\">Pour les mineurs, le ou les repr\u00e9sentants l\u00e9gaux devront avoir lu le <a href=\"https:\/\/tcsantes.fr\/wp\/wp-content\/uploads\/Questionnaire_sante.pdf\" target=\"_blank\" rel=\"noreferrer noopener\">Questionnaire de sant\u00e9<\/a> et certifier avoir r\u00e9pondu par la n\u00e9gative \u00e0 chaque item.<\/p>\n","protected":false},"excerpt":{"rendered":"<p>Pour la saison 2025-2026, les tarifs sont les suivants : Ceci comprend : Les inscriptions se feront au club-house : Le paiement peut se faire en 1, 2 ou 3 ch\u00e8ques ou par virement bancaire. T\u00e9l\u00e9chargement du formulaire d&rsquo;inscription. Il n&rsquo;y a plus de n\u00e9cessit\u00e9 de fournir un certificat m\u00e9dical pour les majeurs. Pour les [&hellip;]<\/p>\n","protected":false},"author":1,"featured_media":0,"parent":0,"menu_order":0,"comment_status":"closed","ping_status":"closed","template":"","meta":{"ngg_post_thumbnail":0,"footnotes":""},"class_list":["post-39","page","type-page","status-publish","hentry"],"_links":{"self":[{"href":"https:\/\/tcsantes.fr\/wp\/wp-json\/wp\/v2\/pages\/39","targetHints":{"allow":["GET"]}}],"collection":[{"href":"https:\/\/tcsantes.fr\/wp\/wp-json\/wp\/v2\/pages"}],"about":[{"href":"https:\/\/tcsantes.fr\/wp\/wp-json\/wp\/v2\/types\/page"}],"author":[{"embeddable":true,"href":"https:\/\/tcsantes.fr\/wp\/wp-json\/wp\/v2\/users\/1"}],"replies":[{"embeddable":true,"href":"https:\/\/tcsantes.fr\/wp\/wp-json\/wp\/v2\/comments?post=39"}],"version-history":[{"count":14,"href":"https:\/\/tcsantes.fr\/wp\/wp-json\/wp\/v2\/pages\/39\/revisions"}],"predecessor-version":[{"id":1149,"href":"https:\/\/tcsantes.fr\/wp\/wp-json\/wp\/v2\/pages\/39\/revisions\/1149"}],"wp:attachment":[{"href":"https:\/\/tcsantes.fr\/wp\/wp-json\/wp\/v2\/media?parent=39"}],"curies":[{"name":"wp","href":"https:\/\/api.w.org\/{rel}","templated":true}]}}